{"id":1095,"date":"2018-11-03T22:23:26","date_gmt":"2018-11-03T22:23:26","guid":{"rendered":"https:\/\/www.iaa.csic.es\/~rgb\/?page_id=1095"},"modified":"2019-06-04T10:27:20","modified_gmt":"2019-06-04T10:27:20","slug":"about","status":"publish","type":"page","link":"https:\/\/rgb.iaa.es\/es\/about\/","title":{"rendered":"About"},"content":{"rendered":"<div class=\"wpb-content-wrapper\"><p>[vc_row][vc_column width=\u00bb1\/3&#8243;][vc_row_inner][vc_column_inner width=\u00bb5\/6&#8243;]<div class=\"clr cz_parallax_h_5\"><a href=\"https:\/\/rgb.iaa.es\/wp-content\/uploads\/Imagenes\/rgb\/RGB_MAG2017_uniform_halo.png\" data-xtra-lightbox><div id=\"cz_49587\" data-position=\"top-right\" class=\"cz_49587 cz_image clr cz_image_no_fx center_on_mobile wpb_animate_when_almost_visible left-to-right\"><style class=\"cz_d_css\" data-noptimize>#cz_49587 > div{position:relative;display: table;margin:0 auto;}<\/style><div class=\"\" ><div class=\"cz_image_in\"><div class=\"cz_main_image\"><img fetchpriority=\"high\" loading=\"eager\" decoding=\"sync\" data-no-lazy=\"1\" width=\"716\" height=\"921\" src=\"https:\/\/rgb.iaa.es\/wp-content\/uploads\/Imagenes\/rgb\/RGB_MAG2017_uniform_halo.png\" class=\"attachment-large\" alt=\"RGB MAG2017 uniform halo\" title=\"RGB_MAG2017_uniform_halo\" srcset=\"https:\/\/rgb.iaa.es\/wp-content\/uploads\/Imagenes\/rgb\/RGB_MAG2017_uniform_halo.png 716w, https:\/\/rgb.iaa.es\/wp-content\/uploads\/Imagenes\/rgb\/RGB_MAG2017_uniform_halo-233x300.png 233w, https:\/\/rgb.iaa.es\/wp-content\/uploads\/Imagenes\/rgb\/RGB_MAG2017_uniform_halo-600x772.png 600w\" sizes=\"(max-width: 716px) 100vw, 716px\"  \/><\/div><\/div><\/div><\/div><\/a><script>if( typeof Codevz_Plus !== \"undefined\" ) {setTimeout( function() {Codevz_Plus.image( \"cz_49587\" );if( typeof Codevz_Plus.tilt !== \"undefined\" ) {Codevz_Plus.tilt();}Codevz_Plus.parallax();jQuery( window ).trigger( \"scroll.codevz\" );}, 10 );}<\/script><\/div>[\/vc_column_inner][\/vc_row_inner][\/vc_column][vc_column width=\u00bb1\/3&#8243;][vc_column_text css_animation=\u00bbcz_brfx_up\u00bb]Nacido en el norte de Espa\u00f1a, criado en la costa este, obtuve mi doctorado en la capital y trabaj\u00e9 unos cuantos a\u00f1os en China.<\/p>\n<p>Soy astrof\u00edsico e investigador en el Instituto de Astrof\u00edsica de Andaluc\u00eda (IAA-CSIC), en la bella ciudad de Granada.<\/p>\n<p>Tambi\u00e9n soy sin\u00f3logo y m\u00fasico o, como dice un colega, sino-m\u00fasico.<\/p>\n<p>\u00bfQuieres saber m\u00e1s? M\u00e1s informaci\u00f3n en mi CV.[\/vc_column_text][\/vc_column][vc_column width=\u00bb1\/3&#8243;]<div class=\"cz_gap clr \" style=\"height: 150px\"><\/div><div class=\"cz_mparallax_2\"><div class=\"clr cz_parallax_v_2\"><div class=\"cz_eqh cz_content_box_parent_fx  \"><div id=\"cz_85484\" class=\"cz_85484 cz_content_box clr wpb_animate_when_almost_visible fadeInRight\"><style class=\"cz_d_css\" data-noptimize>#cz_85484 .cz_box_front_inner{color:#1e1e1e;background-color:#d8ae76;border-radius:15px}<\/style><div class=\"cz_box_front clr\"><div class=\"cz_box_front_inner clr \"><span><\/span><div><div class=\"cz_wrap clr\"><div class=\"cz_btn_center\"><style class=\"cz_d_css\" data-noptimize>#cz_30066, #cz_30066:before{color:#d8ae76;font-weight:600;background-color:#201b13;border-radius:15px}<\/style><div class=\"cz_30066_p clr wpb_animate_when_almost_visible zoomIn\"><a id=\"cz_30066\" class=\"cz_30066 cz_btn cz_btn_txt_fade cz_btn_winkle cz_btn_icon_after\" href=\"http:\/\/rgb.iaa.es\/wp-content\/uploads\/Documents\/CV\/Ruben_Garcia_Benito_CV_en.pdf\" target=\"_blank\"><span><strong>Descarga mi CV<\/strong><i class=\"fa fa-cloud-download\"><\/i><\/span><b class=\"cz_btn_onhover\"><strong>Descarga mi CV<\/strong><i class=\"fa fa-cloud-download\"><\/i><\/b><\/a><\/div><\/div><script>if( typeof Codevz_Plus !== \"undefined\" ) {setTimeout( function() {jQuery( window ).trigger( \"scroll.codevz\" );}, 10 );}<\/script><\/div><\/div><\/div><\/div><\/div><\/div><script>if( typeof Codevz_Plus !== \"undefined\" ) {setTimeout( function() {Codevz_Plus.content_box( true );if( typeof Codevz_Plus.tilt !== \"undefined\" ) {Codevz_Plus.tilt();}Codevz_Plus.parallax();jQuery( window ).trigger( \"scroll.codevz\" );}, 10 );}<\/script><\/div><\/div>[\/vc_column][\/vc_row]<\/p>\n<\/div>","protected":false},"excerpt":{"rendered":"<p>Nacido en el norte de Espa\u00f1a, criado en la costa este, &#8230; <\/p>\n","protected":false},"author":1,"featured_media":0,"parent":0,"menu_order":0,"comment_status":"closed","ping_status":"closed","template":"","meta":{"footnotes":""},"class_list":["post-1095","page","type-page","status-publish","hentry"],"yoast_head":"<!-- This site is optimized with the Yoast SEO plugin v27.3 - https:\/\/yoast.com\/product\/yoast-seo-wordpress\/ -->\n<title>About<\/title>\n<meta name=\"description\" content=\"I am an astrophysicist working at the Instituto de Astrof\u00edsica de Andaluc\u00eda (IAA-CSIC). Browse my CV\" \/>\n<meta name=\"robots\" content=\"index, follow, max-snippet:-1, max-image-preview:large, max-video-preview:-1\" \/>\n<link rel=\"canonical\" href=\"https:\/\/rgb.iaa.es\/es\/about\/\" \/>\n<meta property=\"og:locale\" content=\"es_ES\" \/>\n<meta property=\"og:locale:alternate\" content=\"en_US\" \/>\n<meta property=\"og:type\" content=\"article\" \/>\n<meta property=\"og:title\" content=\"About\" \/>\n<meta property=\"og:description\" content=\"I am an astrophysicist working at the Instituto de Astrof\u00edsica de Andaluc\u00eda (IAA-CSIC). Browse my CV\" \/>\n<meta property=\"og:url\" content=\"https:\/\/rgb.iaa.es\/es\/about\/\" \/>\n<meta property=\"og:site_name\" content=\"Rub\u00e9n Garc\u00eda-Benito\" \/>\n<meta property=\"article:modified_time\" content=\"2019-06-04T10:27:20+00:00\" \/>\n<meta name=\"twitter:card\" content=\"summary_large_image\" \/>\n<meta name=\"twitter:label1\" content=\"Tiempo de lectura\" \/>\n\t<meta name=\"twitter:data1\" content=\"2 minutos\" \/>\n<script type=\"application\/ld+json\" class=\"yoast-schema-graph\">{\"@context\":\"https:\\\/\\\/schema.org\",\"@graph\":[{\"@type\":\"WebPage\",\"@id\":\"https:\\\/\\\/rgb.iaa.es\\\/about\\\/\",\"url\":\"https:\\\/\\\/rgb.iaa.es\\\/about\\\/\",\"name\":\"About\",\"isPartOf\":{\"@id\":\"https:\\\/\\\/rgb.iaa.es\\\/#website\"},\"datePublished\":\"2018-11-03T22:23:26+00:00\",\"dateModified\":\"2019-06-04T10:27:20+00:00\",\"description\":\"I am an astrophysicist working at the Instituto de Astrof\u00edsica de Andaluc\u00eda (IAA-CSIC). Browse my CV\",\"breadcrumb\":{\"@id\":\"https:\\\/\\\/rgb.iaa.es\\\/about\\\/#breadcrumb\"},\"inLanguage\":\"es-ES\",\"potentialAction\":[{\"@type\":\"ReadAction\",\"target\":[\"https:\\\/\\\/rgb.iaa.es\\\/about\\\/\"]}]},{\"@type\":\"BreadcrumbList\",\"@id\":\"https:\\\/\\\/rgb.iaa.es\\\/about\\\/#breadcrumb\",\"itemListElement\":[{\"@type\":\"ListItem\",\"position\":1,\"name\":\"Home\",\"item\":\"https:\\\/\\\/rgb.iaa.es\\\/es\\\/\"},{\"@type\":\"ListItem\",\"position\":2,\"name\":\"About\"}]},{\"@type\":\"WebSite\",\"@id\":\"https:\\\/\\\/rgb.iaa.es\\\/#website\",\"url\":\"https:\\\/\\\/rgb.iaa.es\\\/\",\"name\":\"Rub\u00e9n Garc\u00eda-Benito\",\"description\":\"RGB&#039;s website\",\"publisher\":{\"@id\":\"https:\\\/\\\/rgb.iaa.es\\\/#\\\/schema\\\/person\\\/3a492c301bae2d5cb0309729fbe5331a\"},\"potentialAction\":[{\"@type\":\"SearchAction\",\"target\":{\"@type\":\"EntryPoint\",\"urlTemplate\":\"https:\\\/\\\/rgb.iaa.es\\\/?s={search_term_string}\"},\"query-input\":{\"@type\":\"PropertyValueSpecification\",\"valueRequired\":true,\"valueName\":\"search_term_string\"}}],\"inLanguage\":\"es-ES\"},{\"@type\":[\"Person\",\"Organization\"],\"@id\":\"https:\\\/\\\/rgb.iaa.es\\\/#\\\/schema\\\/person\\\/3a492c301bae2d5cb0309729fbe5331a\",\"name\":\"Rub\u00e9n Garc\u00eda-Benito\",\"image\":{\"@type\":\"ImageObject\",\"inLanguage\":\"es-ES\",\"@id\":\"https:\\\/\\\/secure.gravatar.com\\\/avatar\\\/b52d9d1e869c004e7f6593beb4013e01db7856ebee6d6a5817e5b6580948a53c?s=96&d=mm&r=g\",\"url\":\"https:\\\/\\\/secure.gravatar.com\\\/avatar\\\/b52d9d1e869c004e7f6593beb4013e01db7856ebee6d6a5817e5b6580948a53c?s=96&d=mm&r=g\",\"contentUrl\":\"https:\\\/\\\/secure.gravatar.com\\\/avatar\\\/b52d9d1e869c004e7f6593beb4013e01db7856ebee6d6a5817e5b6580948a53c?s=96&d=mm&r=g\",\"caption\":\"Rub\u00e9n Garc\u00eda-Benito\"},\"logo\":{\"@id\":\"https:\\\/\\\/secure.gravatar.com\\\/avatar\\\/b52d9d1e869c004e7f6593beb4013e01db7856ebee6d6a5817e5b6580948a53c?s=96&d=mm&r=g\"},\"sameAs\":[\"http:\\\/\\\/rgb.iaa.es\"]}]}<\/script>\n<!-- \/ Yoast SEO plugin. -->","yoast_head_json":{"title":"About","description":"I am an astrophysicist working at the Instituto de Astrof\u00edsica de Andaluc\u00eda (IAA-CSIC). Browse my CV","robots":{"index":"index","follow":"follow","max-snippet":"max-snippet:-1","max-image-preview":"max-image-preview:large","max-video-preview":"max-video-preview:-1"},"canonical":"https:\/\/rgb.iaa.es\/es\/about\/","og_locale":"es_ES","og_type":"article","og_title":"[:en]About[:es]About[:] - Rub\u00e9n Garc\u00eda-Benito","og_description":"I am an astrophysicist working at the Instituto de Astrof\u00edsica de Andaluc\u00eda (IAA-CSIC). Browse my CV","og_url":"https:\/\/rgb.iaa.es\/es\/about\/","og_site_name":"Rub\u00e9n Garc\u00eda-Benito","article_modified_time":"2019-06-04T10:27:20+00:00","twitter_card":"summary_large_image","twitter_misc":{"Tiempo de lectura":"2 minutos"},"schema":{"@context":"https:\/\/schema.org","@graph":[{"@type":"WebPage","@id":"https:\/\/rgb.iaa.es\/about\/","url":"https:\/\/rgb.iaa.es\/about\/","name":"About","isPartOf":{"@id":"https:\/\/rgb.iaa.es\/#website"},"datePublished":"2018-11-03T22:23:26+00:00","dateModified":"2019-06-04T10:27:20+00:00","description":"I am an astrophysicist working at the Instituto de Astrof\u00edsica de Andaluc\u00eda (IAA-CSIC). Browse my CV","breadcrumb":{"@id":"https:\/\/rgb.iaa.es\/about\/#breadcrumb"},"inLanguage":"es-ES","potentialAction":[{"@type":"ReadAction","target":["https:\/\/rgb.iaa.es\/about\/"]}]},{"@type":"BreadcrumbList","@id":"https:\/\/rgb.iaa.es\/about\/#breadcrumb","itemListElement":[{"@type":"ListItem","position":1,"name":"Home","item":"https:\/\/rgb.iaa.es\/es\/"},{"@type":"ListItem","position":2,"name":"About"}]},{"@type":"WebSite","@id":"https:\/\/rgb.iaa.es\/#website","url":"https:\/\/rgb.iaa.es\/","name":"Rub\u00e9n Garc\u00eda-Benito","description":"RGB&#039;s website","publisher":{"@id":"https:\/\/rgb.iaa.es\/#\/schema\/person\/3a492c301bae2d5cb0309729fbe5331a"},"potentialAction":[{"@type":"SearchAction","target":{"@type":"EntryPoint","urlTemplate":"https:\/\/rgb.iaa.es\/?s={search_term_string}"},"query-input":{"@type":"PropertyValueSpecification","valueRequired":true,"valueName":"search_term_string"}}],"inLanguage":"es-ES"},{"@type":["Person","Organization"],"@id":"https:\/\/rgb.iaa.es\/#\/schema\/person\/3a492c301bae2d5cb0309729fbe5331a","name":"Rub\u00e9n Garc\u00eda-Benito","image":{"@type":"ImageObject","inLanguage":"es-ES","@id":"https:\/\/secure.gravatar.com\/avatar\/b52d9d1e869c004e7f6593beb4013e01db7856ebee6d6a5817e5b6580948a53c?s=96&d=mm&r=g","url":"https:\/\/secure.gravatar.com\/avatar\/b52d9d1e869c004e7f6593beb4013e01db7856ebee6d6a5817e5b6580948a53c?s=96&d=mm&r=g","contentUrl":"https:\/\/secure.gravatar.com\/avatar\/b52d9d1e869c004e7f6593beb4013e01db7856ebee6d6a5817e5b6580948a53c?s=96&d=mm&r=g","caption":"Rub\u00e9n Garc\u00eda-Benito"},"logo":{"@id":"https:\/\/secure.gravatar.com\/avatar\/b52d9d1e869c004e7f6593beb4013e01db7856ebee6d6a5817e5b6580948a53c?s=96&d=mm&r=g"},"sameAs":["http:\/\/rgb.iaa.es"]}]}},"_links":{"self":[{"href":"https:\/\/rgb.iaa.es\/es\/wp-json\/wp\/v2\/pages\/1095","targetHints":{"allow":["GET"]}}],"collection":[{"href":"https:\/\/rgb.iaa.es\/es\/wp-json\/wp\/v2\/pages"}],"about":[{"href":"https:\/\/rgb.iaa.es\/es\/wp-json\/wp\/v2\/types\/page"}],"author":[{"embeddable":true,"href":"https:\/\/rgb.iaa.es\/es\/wp-json\/wp\/v2\/users\/1"}],"replies":[{"embeddable":true,"href":"https:\/\/rgb.iaa.es\/es\/wp-json\/wp\/v2\/comments?post=1095"}],"version-history":[{"count":76,"href":"https:\/\/rgb.iaa.es\/es\/wp-json\/wp\/v2\/pages\/1095\/revisions"}],"predecessor-version":[{"id":1589,"href":"https:\/\/rgb.iaa.es\/es\/wp-json\/wp\/v2\/pages\/1095\/revisions\/1589"}],"wp:attachment":[{"href":"https:\/\/rgb.iaa.es\/es\/wp-json\/wp\/v2\/media?parent=1095"}],"curies":[{"name":"wp","href":"https:\/\/api.w.org\/{rel}","templated":true}]}}