{"id":1396,"date":"2019-01-05T23:31:10","date_gmt":"2019-01-05T23:31:10","guid":{"rendered":"http:\/\/rgb.iaa.es\/?page_id=1396"},"modified":"2025-11-22T20:47:06","modified_gmt":"2025-11-22T20:47:06","slug":"sinology","status":"publish","type":"page","link":"https:\/\/rgb.iaa.es\/es\/sinology\/","title":{"rendered":"Sinolog\u00eda"},"content":{"rendered":"<div class=\"wpb-content-wrapper\"><p>[vc_row][vc_column]<div class=\"cz_wrap clr\"><div id=\"cz_104949\" class=\"cz_104949 cz_title clr cz_title_pos_inline wpb_animate_when_almost_visible fadeIn\"><div class=\"cz_title_content\"><div class=\"cz_wpe_content\"><h2><span style=\"font-size: 32px;\">Sinolog\u00eda \u6c49\u5b66<\/span><\/h2>\n<\/div><\/div><\/div><script>if( typeof Codevz_Plus !== \"undefined\" ) {setTimeout( function() {if( typeof Codevz_Plus.title !== \"undefined\" ) {Codevz_Plus.title();}jQuery( window ).trigger( \"scroll.codevz\" );}, 10 );}<\/script><\/div><div class=\"cz_gap clr \" style=\"height: 50px\"><\/div>[\/vc_column][\/vc_row][vc_row full_width=\u00bbstretch_row\u00bb parallax=\u00bbcontent-moving\u00bb parallax_image=\u00bb1408&#8243;][vc_column]<div class=\"cz_gap clr \" style=\"height: 50px\"><\/div>[vc_row_inner][vc_column_inner width=\u00bb5\/6&#8243;][vc_column_text]Tambi\u00e9n soy sin\u00f3logo (Estudios de Asia Oriental, China). Mis dos principales intereses son la Historia de la Ciencia (s) y la Tecnolog\u00eda en China, y la Historia de la M\u00fasica (y su interpretaci\u00f3n).[\/vc_column_text][\/vc_column_inner][vc_column_inner width=\u00bb1\/6&#8243;][\/vc_column_inner][\/vc_row_inner]<div class=\"cz_gap clr \" style=\"height: 30px\"><\/div>[vc_row_inner][vc_column_inner width=\u00bb1\/2&#8243;][vc_column_text css=\u00bb\u00bb]<\/p>\n<h4>Historia de la Ciencia y Tecnolog\u00eda en China<\/h4>\n<p>He trabajado principalmente en la historia desde las primeras fuentes hasta finales de la dinast\u00eda Ming (siglo XVII), aunque \u00faltimamente tambi\u00e9n me interesa el intercambio cultural tras la llegada de los jesuitas a la corte china.<\/p>\n<p>No hay una, sino muchas ciencias. Por lo tanto, mis principales \u00e1reas de especializaci\u00f3n son la astronom\u00eda y las matem\u00e1ticas, su relaci\u00f3n con la teor\u00eda\/pr\u00e1ctica cosmopol\u00edtica de la m\u00fasica, el uso de la hidr\u00e1ulica (por ejemplo, la producci\u00f3n en masa) y la metalurgia (por ejemplo, campanas, esferas armilares) en tecnolog\u00edas espec\u00edficas, y algunas gotas de alquimia (por ejemplo, p\u00f3lvora).<\/p>\n<p>He sido invitado a escribir art\u00edculos de revisi\u00f3n y divulgaci\u00f3n en revistas como <a href=\"https:\/\/historia.nationalgeographic.com.es\/a\/inventos-que-pusieron-a-china-vanguardia-desarrollo_24156\" target=\"_blank\" rel=\"noopener\"><em>Historia National Geographic<\/em><\/a> y a dar charlas sobre estos temas en varias instituciones.[\/vc_column_text][\/vc_column_inner][vc_column_inner width=\u00bb1\/2&#8243;]<div class=\"cz_wrap clr\"><a href=\"https:\/\/historia.nationalgeographic.com.es\/a\/inventos-que-pusieron-a-china-vanguardia-desarrollo_24156\" target=\"_blank\"><div id=\"cz_89686\" data-position=\"top-right\" class=\"cz_89686 cz_image clr cz_image_no_fx center_on_mobile wpb_animate_when_almost_visible fadeInRight\"><style class=\"cz_d_css\" data-noptimize>#cz_89686 .cz_image_in{box-shadow:20px 20px 30px #1e1e1e}#cz_89686 > div{position:relative;}<\/style><div class=\"\" ><div class=\"cz_image_in\" data-tilt><div class=\"cz_main_image\"><img fetchpriority=\"high\" loading=\"eager\" decoding=\"sync\" data-no-lazy=\"1\" width=\"1610\" height=\"1268\" src=\"https:\/\/rgb.iaa.es\/wp-content\/uploads\/Documents\/China\/science\/N148_portada_articulo_RGB.jpg\" class=\"attachment-full\" alt=\"N148 portada articulo RGB jpg\" title=\"N148_portada_articulo_RGB.jpg\" srcset=\"https:\/\/rgb.iaa.es\/wp-content\/uploads\/Documents\/China\/science\/N148_portada_articulo_RGB.jpg 1610w, https:\/\/rgb.iaa.es\/wp-content\/uploads\/Documents\/China\/science\/N148_portada_articulo_RGB-300x236.jpg 300w, https:\/\/rgb.iaa.es\/wp-content\/uploads\/Documents\/China\/science\/N148_portada_articulo_RGB-1024x806.jpg 1024w, https:\/\/rgb.iaa.es\/wp-content\/uploads\/Documents\/China\/science\/N148_portada_articulo_RGB-768x605.jpg 768w, https:\/\/rgb.iaa.es\/wp-content\/uploads\/Documents\/China\/science\/N148_portada_articulo_RGB-1536x1210.jpg 1536w, https:\/\/rgb.iaa.es\/wp-content\/uploads\/Documents\/China\/science\/N148_portada_articulo_RGB-600x473.jpg 600w\" sizes=\"(max-width: 1610px) 100vw, 1610px\"  \/><\/div><\/div><\/div><\/div><\/a><script>if( typeof Codevz_Plus !== \"undefined\" ) {setTimeout( function() {Codevz_Plus.image( \"cz_89686\" );if( typeof Codevz_Plus.tilt !== \"undefined\" ) {Codevz_Plus.tilt();}jQuery( window ).trigger( \"scroll.codevz\" );}, 10 );}<\/script><\/div>[\/vc_column_inner][\/vc_row_inner]<div class=\"cz_gap clr \" style=\"height: 50px\"><\/div>[vc_row_inner][vc_column_inner width=\u00bb5\/6&#8243;][vc_column_text css=\u00bb\u00bb]Tambi\u00e9n me interesa la interrelaci\u00f3n cultural, filos\u00f3fica y t\u00e9cnica entre la Astronom\u00eda y la M\u00fasica en la Antigua China, para lo que fui invitado a dar, en colaboraci\u00f3n con la guzhengista Abigail R. Horro, una <a href=\"https:\/\/www.cac.es\/astronomia\/conferencia2016-02.jsp\" target=\"_blank\" rel=\"noopener noreferrer\">charla-concierto<\/a> en la <a href=\"https:\/\/www.cac.es\/es\/info\/prensa\/noticias\/Entrevista-Ruben-Garcia-Conferencia-astronomia-musica-antigua-China-Museo-de-las-Ciencias.html\" target=\"_blank\" rel=\"noopener noreferrer\">Ciudad de las Artes y las Ciencias<\/a> de Valencia.<\/p>\n<p>La mayor\u00eda de estas actividades de investigaci\u00f3n, divulgaci\u00f3n y actividades p\u00fablicas se organizan bajo el paraguas del proyecto <a href=\"http:\/\/www.todoslostonosyayres.com\" target=\"_blank\" rel=\"noopener noreferrer\">Todos los Tonos y Ayres<\/a>.[\/vc_column_text][\/vc_column_inner][vc_column_inner width=\u00bb1\/6&#8243;][\/vc_column_inner][\/vc_row_inner][\/vc_column][\/vc_row]<\/p>\n<\/div>","protected":false},"excerpt":{"rendered":"<p>Tambi\u00e9n soy sin\u00f3logo (Estudios de Asia Oriental, China). Mis dos principales &#8230; <\/p>\n","protected":false},"author":1,"featured_media":0,"parent":0,"menu_order":0,"comment_status":"closed","ping_status":"closed","template":"","meta":{"footnotes":""},"class_list":["post-1396","page","type-page","status-publish","hentry"],"yoast_head":"<!-- This site is optimized with the Yoast SEO plugin v27.3 - https:\/\/yoast.com\/product\/yoast-seo-wordpress\/ -->\n<title>Sinolog\u00eda<\/title>\n<meta name=\"description\" content=\"I am also a sinologist. My two major interest are the History of Science(s) and Technology in China, and History of Music (and performance).\" \/>\n<meta name=\"robots\" content=\"index, follow, max-snippet:-1, max-image-preview:large, max-video-preview:-1\" \/>\n<link rel=\"canonical\" href=\"https:\/\/rgb.iaa.es\/es\/sinology\/\" \/>\n<meta property=\"og:locale\" content=\"es_ES\" \/>\n<meta property=\"og:locale:alternate\" content=\"en_US\" \/>\n<meta property=\"og:type\" content=\"article\" \/>\n<meta property=\"og:title\" content=\"Sinolog\u00eda\" \/>\n<meta property=\"og:description\" content=\"I am also a sinologist. My two major interest are the History of Science(s) and Technology in China, and History of Music (and performance).\" \/>\n<meta property=\"og:url\" content=\"https:\/\/rgb.iaa.es\/es\/sinology\/\" \/>\n<meta property=\"og:site_name\" content=\"Rub\u00e9n Garc\u00eda-Benito\" \/>\n<meta property=\"article:modified_time\" content=\"2025-11-22T20:47:06+00:00\" \/>\n<meta name=\"twitter:card\" content=\"summary_large_image\" \/>\n<meta name=\"twitter:label1\" content=\"Tiempo de lectura\" \/>\n\t<meta name=\"twitter:data1\" content=\"2 minutos\" \/>\n<script type=\"application\/ld+json\" class=\"yoast-schema-graph\">{\"@context\":\"https:\\\/\\\/schema.org\",\"@graph\":[{\"@type\":\"WebPage\",\"@id\":\"https:\\\/\\\/rgb.iaa.es\\\/sinology\\\/\",\"url\":\"https:\\\/\\\/rgb.iaa.es\\\/sinology\\\/\",\"name\":\"Sinolog\u00eda\",\"isPartOf\":{\"@id\":\"https:\\\/\\\/rgb.iaa.es\\\/#website\"},\"datePublished\":\"2019-01-05T23:31:10+00:00\",\"dateModified\":\"2025-11-22T20:47:06+00:00\",\"description\":\"I am also a sinologist. My two major interest are the History of Science(s) and Technology in China, and History of Music (and performance).\",\"breadcrumb\":{\"@id\":\"https:\\\/\\\/rgb.iaa.es\\\/sinology\\\/#breadcrumb\"},\"inLanguage\":\"es-ES\",\"potentialAction\":[{\"@type\":\"ReadAction\",\"target\":[\"https:\\\/\\\/rgb.iaa.es\\\/sinology\\\/\"]}]},{\"@type\":\"BreadcrumbList\",\"@id\":\"https:\\\/\\\/rgb.iaa.es\\\/sinology\\\/#breadcrumb\",\"itemListElement\":[{\"@type\":\"ListItem\",\"position\":1,\"name\":\"Home\",\"item\":\"https:\\\/\\\/rgb.iaa.es\\\/es\\\/\"},{\"@type\":\"ListItem\",\"position\":2,\"name\":\"Sinology\"}]},{\"@type\":\"WebSite\",\"@id\":\"https:\\\/\\\/rgb.iaa.es\\\/#website\",\"url\":\"https:\\\/\\\/rgb.iaa.es\\\/\",\"name\":\"Rub\u00e9n Garc\u00eda-Benito\",\"description\":\"RGB&#039;s website\",\"publisher\":{\"@id\":\"https:\\\/\\\/rgb.iaa.es\\\/#\\\/schema\\\/person\\\/3a492c301bae2d5cb0309729fbe5331a\"},\"potentialAction\":[{\"@type\":\"SearchAction\",\"target\":{\"@type\":\"EntryPoint\",\"urlTemplate\":\"https:\\\/\\\/rgb.iaa.es\\\/?s={search_term_string}\"},\"query-input\":{\"@type\":\"PropertyValueSpecification\",\"valueRequired\":true,\"valueName\":\"search_term_string\"}}],\"inLanguage\":\"es-ES\"},{\"@type\":[\"Person\",\"Organization\"],\"@id\":\"https:\\\/\\\/rgb.iaa.es\\\/#\\\/schema\\\/person\\\/3a492c301bae2d5cb0309729fbe5331a\",\"name\":\"Rub\u00e9n Garc\u00eda-Benito\",\"image\":{\"@type\":\"ImageObject\",\"inLanguage\":\"es-ES\",\"@id\":\"https:\\\/\\\/secure.gravatar.com\\\/avatar\\\/b52d9d1e869c004e7f6593beb4013e01db7856ebee6d6a5817e5b6580948a53c?s=96&d=mm&r=g\",\"url\":\"https:\\\/\\\/secure.gravatar.com\\\/avatar\\\/b52d9d1e869c004e7f6593beb4013e01db7856ebee6d6a5817e5b6580948a53c?s=96&d=mm&r=g\",\"contentUrl\":\"https:\\\/\\\/secure.gravatar.com\\\/avatar\\\/b52d9d1e869c004e7f6593beb4013e01db7856ebee6d6a5817e5b6580948a53c?s=96&d=mm&r=g\",\"caption\":\"Rub\u00e9n Garc\u00eda-Benito\"},\"logo\":{\"@id\":\"https:\\\/\\\/secure.gravatar.com\\\/avatar\\\/b52d9d1e869c004e7f6593beb4013e01db7856ebee6d6a5817e5b6580948a53c?s=96&d=mm&r=g\"},\"sameAs\":[\"http:\\\/\\\/rgb.iaa.es\"]}]}<\/script>\n<!-- \/ Yoast SEO plugin. -->","yoast_head_json":{"title":"Sinolog\u00eda","description":"I am also a sinologist. My two major interest are the History of Science(s) and Technology in China, and History of Music (and performance).","robots":{"index":"index","follow":"follow","max-snippet":"max-snippet:-1","max-image-preview":"max-image-preview:large","max-video-preview":"max-video-preview:-1"},"canonical":"https:\/\/rgb.iaa.es\/es\/sinology\/","og_locale":"es_ES","og_type":"article","og_title":"[:en]Sinology[:es]Sinolog\u00eda[:] - Rub\u00e9n Garc\u00eda-Benito","og_description":"I am also a sinologist. My two major interest are the History of Science(s) and Technology in China, and History of Music (and performance).","og_url":"https:\/\/rgb.iaa.es\/es\/sinology\/","og_site_name":"Rub\u00e9n Garc\u00eda-Benito","article_modified_time":"2025-11-22T20:47:06+00:00","twitter_card":"summary_large_image","twitter_misc":{"Tiempo de lectura":"2 minutos"},"schema":{"@context":"https:\/\/schema.org","@graph":[{"@type":"WebPage","@id":"https:\/\/rgb.iaa.es\/sinology\/","url":"https:\/\/rgb.iaa.es\/sinology\/","name":"Sinolog\u00eda","isPartOf":{"@id":"https:\/\/rgb.iaa.es\/#website"},"datePublished":"2019-01-05T23:31:10+00:00","dateModified":"2025-11-22T20:47:06+00:00","description":"I am also a sinologist. My two major interest are the History of Science(s) and Technology in China, and History of Music (and performance).","breadcrumb":{"@id":"https:\/\/rgb.iaa.es\/sinology\/#breadcrumb"},"inLanguage":"es-ES","potentialAction":[{"@type":"ReadAction","target":["https:\/\/rgb.iaa.es\/sinology\/"]}]},{"@type":"BreadcrumbList","@id":"https:\/\/rgb.iaa.es\/sinology\/#breadcrumb","itemListElement":[{"@type":"ListItem","position":1,"name":"Home","item":"https:\/\/rgb.iaa.es\/es\/"},{"@type":"ListItem","position":2,"name":"Sinology"}]},{"@type":"WebSite","@id":"https:\/\/rgb.iaa.es\/#website","url":"https:\/\/rgb.iaa.es\/","name":"Rub\u00e9n Garc\u00eda-Benito","description":"RGB&#039;s website","publisher":{"@id":"https:\/\/rgb.iaa.es\/#\/schema\/person\/3a492c301bae2d5cb0309729fbe5331a"},"potentialAction":[{"@type":"SearchAction","target":{"@type":"EntryPoint","urlTemplate":"https:\/\/rgb.iaa.es\/?s={search_term_string}"},"query-input":{"@type":"PropertyValueSpecification","valueRequired":true,"valueName":"search_term_string"}}],"inLanguage":"es-ES"},{"@type":["Person","Organization"],"@id":"https:\/\/rgb.iaa.es\/#\/schema\/person\/3a492c301bae2d5cb0309729fbe5331a","name":"Rub\u00e9n Garc\u00eda-Benito","image":{"@type":"ImageObject","inLanguage":"es-ES","@id":"https:\/\/secure.gravatar.com\/avatar\/b52d9d1e869c004e7f6593beb4013e01db7856ebee6d6a5817e5b6580948a53c?s=96&d=mm&r=g","url":"https:\/\/secure.gravatar.com\/avatar\/b52d9d1e869c004e7f6593beb4013e01db7856ebee6d6a5817e5b6580948a53c?s=96&d=mm&r=g","contentUrl":"https:\/\/secure.gravatar.com\/avatar\/b52d9d1e869c004e7f6593beb4013e01db7856ebee6d6a5817e5b6580948a53c?s=96&d=mm&r=g","caption":"Rub\u00e9n Garc\u00eda-Benito"},"logo":{"@id":"https:\/\/secure.gravatar.com\/avatar\/b52d9d1e869c004e7f6593beb4013e01db7856ebee6d6a5817e5b6580948a53c?s=96&d=mm&r=g"},"sameAs":["http:\/\/rgb.iaa.es"]}]}},"_links":{"self":[{"href":"https:\/\/rgb.iaa.es\/es\/wp-json\/wp\/v2\/pages\/1396","targetHints":{"allow":["GET"]}}],"collection":[{"href":"https:\/\/rgb.iaa.es\/es\/wp-json\/wp\/v2\/pages"}],"about":[{"href":"https:\/\/rgb.iaa.es\/es\/wp-json\/wp\/v2\/types\/page"}],"author":[{"embeddable":true,"href":"https:\/\/rgb.iaa.es\/es\/wp-json\/wp\/v2\/users\/1"}],"replies":[{"embeddable":true,"href":"https:\/\/rgb.iaa.es\/es\/wp-json\/wp\/v2\/comments?post=1396"}],"version-history":[{"count":56,"href":"https:\/\/rgb.iaa.es\/es\/wp-json\/wp\/v2\/pages\/1396\/revisions"}],"predecessor-version":[{"id":2718,"href":"https:\/\/rgb.iaa.es\/es\/wp-json\/wp\/v2\/pages\/1396\/revisions\/2718"}],"wp:attachment":[{"href":"https:\/\/rgb.iaa.es\/es\/wp-json\/wp\/v2\/media?parent=1396"}],"curies":[{"name":"wp","href":"https:\/\/api.w.org\/{rel}","templated":true}]}}