{"id":18,"date":"2017-06-10T08:25:52","date_gmt":"2017-06-10T08:25:52","guid":{"rendered":"http:\/\/xtratheme.comlawyers\/?page_id=10"},"modified":"2021-09-21T07:39:55","modified_gmt":"2021-09-21T07:39:55","slug":"contact","status":"publish","type":"page","link":"https:\/\/rgb.iaa.es\/es\/contact\/","title":{"rendered":"Contacto"},"content":{"rendered":"<div class=\"wpb-content-wrapper\"><p>[vc_row][vc_column offset=\u00bbvc_col-lg-4&#8243;]<div class=\"cz_wrap clr\"><div id=\"cz_99028\" class=\"cz_99028 cz_title clr cz_title_has_icon cz_title_pos_inline\"><style class=\"cz_d_css\" data-noptimize>#cz_99028 .cz_title_content{margin-bottom:24px}#cz_99028 .cz_title_icon_before{font-size:30px;color:#0c0c0c;background-color:#d8ae76;margin-right:15px;margin-left:0px;border-radius:4px}.rtl #cz_99028 .cz_title_icon_before{margin:0 0 0 15px}<\/style><div class=\"cz_title_content\"><i class=\"cz_title_icon_before fa fa-envelope-open\"><\/i><div class=\"cz_wpe_content\"><h3>eMail<\/h3>\n<p><span style=\"font-size: 16px;\"><span style=\"color: #fad7d7;\">r<\/span><span style=\"color: #daf5da;\">g<\/span><span style=\"color: #c3e3f7;\">b<\/span> [@] iaa.es<\/span><\/p>\n<\/div><\/div><\/div><script>if( typeof Codevz_Plus !== \"undefined\" ) {setTimeout( function() {if( typeof Codevz_Plus.title !== \"undefined\" ) {Codevz_Plus.title();}jQuery( window ).trigger( \"scroll.codevz\" );}, 10 );}<\/script><\/div>[\/vc_column][vc_column offset=\u00bbvc_col-lg-4&#8243;]<div class=\"cz_wrap clr\"><div id=\"cz_35598\" class=\"cz_35598 cz_title clr cz_title_has_icon cz_title_pos_inline\"><style class=\"cz_d_css\" data-noptimize>#cz_35598 .cz_title_content{margin-bottom:24px}#cz_35598 .cz_title_icon_before{font-size:30px;color:#111111;background-color:#d8ae76;margin-right:15px;margin-left:0px;border-radius:4px}.rtl #cz_35598 .cz_title_icon_before{margin:0 0 0 15px}<\/style><div class=\"cz_title_content\"><i class=\"cz_title_icon_before fa fa-volume-control-phone\"><\/i><div class=\"cz_wpe_content\"><h3>Tel\u00e9fono<\/h3>\n<p><span style=\"font-size: 16px;\">+34 958 121 311 \u2217 <\/span><span style=\"font-size: 13px;\">ext. 536<\/span><\/p>\n<\/div><\/div><\/div><script>if( typeof Codevz_Plus !== \"undefined\" ) {setTimeout( function() {if( typeof Codevz_Plus.title !== \"undefined\" ) {Codevz_Plus.title();}jQuery( window ).trigger( \"scroll.codevz\" );}, 10 );}<\/script><\/div>[\/vc_column][vc_column offset=\u00bbvc_col-lg-4&#8243;]<div class=\"cz_wrap clr\"><div id=\"cz_86713\" class=\"cz_86713 cz_title clr cz_title_has_icon cz_title_pos_inline\"><style class=\"cz_d_css\" data-noptimize>#cz_86713 .cz_title_content{margin-bottom:24px}#cz_86713 .cz_title_icon_before{font-size:30px;color:#111111;background-color:#d8ae76;margin-right:15px;margin-left:0px;border-radius:4px}.rtl #cz_86713 .cz_title_icon_before{margin:0 0 0 15px}<\/style><div class=\"cz_title_content\"><i class=\"cz_title_icon_before fa fa-map-marker\"><\/i><div class=\"cz_wpe_content\"><h3>Direcci\u00f3n<\/h3>\n<p><span style=\"font-size: 16px;\">Glorieta de la Astronom\u00eda s\/n<br \/>\n<\/span><\/p>\n<p>18008 Granada, Espa\u00f1a<\/p>\n<\/div><\/div><\/div><script>if( typeof Codevz_Plus !== \"undefined\" ) {setTimeout( function() {if( typeof Codevz_Plus.title !== \"undefined\" ) {Codevz_Plus.title();}jQuery( window ).trigger( \"scroll.codevz\" );}, 10 );}<\/script><\/div>[\/vc_column][\/vc_row][vc_row][vc_column]<div class=\"cz_gap clr \" style=\"height: 60px\"><\/div>[\/vc_column][\/vc_row][vc_row css=\u00bb.vc_custom_1497126171788{background-position: center !important;background-repeat: no-repeat !important;background-size: cover !important;}\u00bb][vc_column offset=\u00bbvc_col-lg-6&#8243;]<div class=\"cz_wrap clr\"><div id=\"cz_28703\" class=\"cz_28703 cz_title clr cz_title_pos_inline\"><style class=\"cz_d_css\" data-noptimize>#cz_28703 .cz_title_content{padding-left:10px}<\/style><div class=\"cz_title_content\"><div class=\"cz_wpe_content\"><h3><span style=\"font-size: 38px;\">Contacta con <span style=\"color: #d8ae76;\">RGB<\/span><\/span><\/h3>\n<p><span style=\"color: #bdbdbd;\">Env\u00edame un mensaje. Te responder\u00e9 tan pronto como est\u00e9 de vuelta por la Tierra.<br \/>\n<\/span><\/p>\n<\/div><\/div><\/div><script>if( typeof Codevz_Plus !== \"undefined\" ) {setTimeout( function() {if( typeof Codevz_Plus.title !== \"undefined\" ) {Codevz_Plus.title();}jQuery( window ).trigger( \"scroll.codevz\" );}, 10 );}<\/script><\/div><div class=\"cz_gap clr \" style=\"height: 50px\"><\/div><div class=\"cz_wrap clr\"><div id=\"cz_46877\" class=\"cz_46877 cz_cf7 clr\"><style class=\"cz_d_css\" data-noptimize>#cz_46877 input[type=\"submit\"], #cz_46877 button{background-color:#d8ae76}<\/style><div>\n<div class=\"wpcf7 no-js\" id=\"wpcf7-f834-o1\" lang=\"en-US\" dir=\"ltr\" data-wpcf7-id=\"834\">\n<div class=\"screen-reader-response\"><p role=\"status\" aria-live=\"polite\" aria-atomic=\"true\"><\/p> <ul><\/ul><\/div>\n<form action=\"\/es\/wp-json\/wp\/v2\/pages\/18#wpcf7-f834-o1\" method=\"post\" class=\"wpcf7-form init\" aria-label=\"Contact form\" novalidate=\"novalidate\" data-status=\"init\">\n<fieldset class=\"hidden-fields-container\"><input type=\"hidden\" name=\"_wpcf7\" value=\"834\" \/><input type=\"hidden\" name=\"_wpcf7_version\" value=\"6.1.5\" \/><input type=\"hidden\" name=\"_wpcf7_locale\" value=\"en_US\" \/><input type=\"hidden\" name=\"_wpcf7_unit_tag\" value=\"wpcf7-f834-o1\" \/><input type=\"hidden\" name=\"_wpcf7_container_post\" value=\"0\" \/><input type=\"hidden\" name=\"_wpcf7_posted_data_hash\" value=\"\" \/><input type=\"hidden\" name=\"lang\" value=\"es\" \/><input type=\"hidden\" name=\"_wpcf7_recaptcha_response\" value=\"\" \/>\n<\/fieldset>\n<p><span class=\"wpcf7-form-control-wrap\" data-name=\"your-name\"><input size=\"40\" maxlength=\"400\" class=\"wpcf7-form-control wpcf7-text wpcf7-validates-as-required\" aria-required=\"true\" aria-invalid=\"false\" placeholder=\"Your Name (*)\" value=\"\" type=\"text\" name=\"your-name\" \/><\/span>\n<\/p>\n<p><span class=\"wpcf7-form-control-wrap\" data-name=\"your-email\"><input size=\"40\" maxlength=\"400\" class=\"wpcf7-form-control wpcf7-email wpcf7-validates-as-required wpcf7-text wpcf7-validates-as-email\" aria-required=\"true\" aria-invalid=\"false\" placeholder=\"Your Email (*)\" value=\"\" type=\"email\" name=\"your-email\" \/><\/span>\n<\/p>\n<p><span class=\"wpcf7-form-control-wrap\" data-name=\"your-subject\"><input size=\"40\" maxlength=\"400\" class=\"wpcf7-form-control wpcf7-text\" aria-invalid=\"false\" placeholder=\"Subject\" value=\"\" type=\"text\" name=\"your-subject\" \/><\/span>\n<\/p>\n<p><span class=\"wpcf7-form-control-wrap\" data-name=\"your-message\"><textarea cols=\"40\" rows=\"10\" maxlength=\"2000\" class=\"wpcf7-form-control wpcf7-textarea\" aria-invalid=\"false\" placeholder=\"Your Message\" name=\"your-message\"><\/textarea><\/span>\n<\/p>\n<p><input class=\"wpcf7-form-control wpcf7-submit has-spinner\" type=\"submit\" value=\"Send Message\" \/>\n<\/p><div class=\"wpcf7-response-output\" aria-hidden=\"true\"><\/div>\n<\/form>\n<\/div>\n<\/div><\/div><script>if( typeof Codevz_Plus !== \"undefined\" ) {setTimeout( function() {jQuery( window ).trigger( \"scroll.codevz\" );}, 10 );}<\/script><\/div><div class=\"cz_gap clr  hide_on_tablet hide_on_mobile\" style=\"height: 1px\"><\/div><div class=\"cz_gap show_on_tablet clr \" style=\"height: 50px\"><\/div>[\/vc_column][vc_column css=\u00bb.vc_custom_1515306299277{padding-left: 30px !important;}\u00bb offset=\u00bbvc_col-lg-6&#8243;][vc_gmaps link=\u00bb#E-8_JTNDaWZyYW1lJTIwc3JjJTNEJTIyaHR0cHMlM0ElMkYlMkZ3d3cuZ29vZ2xlLmNvbSUyRm1hcHMlMkZlbWJlZCUzRnBiJTNEJTIxMW0xOCUyMTFtMTIlMjExbTMlMjExZDMxNzkuNjE4MDQ4OTYxNDI4JTIxMmQtMy41OTI0MTg1ODQ2OTk4NzQlMjEzZDM3LjE2MTc4MDU3OTg3NTU5JTIxMm0zJTIxMWYwJTIxMmYwJTIxM2YwJTIxM20yJTIxMWkxMDI0JTIxMmk3NjglMjE0ZjEzLjElMjEzbTMlMjExbTIlMjExczB4ZDcxZmNhNThkOWRkODlmJTI1M0EweDcwMzYzZDg0N2U2NjJkMGElMjEyc0luc3RpdHV0byUyQmRlJTJCQXN0cm9mJTI1QzMlMjVBRHNpY2ElMkJkZSUyQkFuZGFsdWMlMjVDMyUyNUFEYSUyMTVlMCUyMTNtMiUyMTFzZW4lMjEyc2VzJTIxNHYxNTQwNjQ2MjUxODczJTIyJTIwd2lkdGglM0QlMjI2MDAlMjIlMjBoZWlnaHQlM0QlMjI0NTAlMjIlMjBmcmFtZWJvcmRlciUzRCUyMjAlMjIlMjBzdHlsZSUzRCUyMmJvcmRlciUzQTAlMjIlMjBhbGxvd2Z1bGxzY3JlZW4lM0UlM0MlMkZpZnJhbWUlM0U=\u00bb css_animation=\u00bbfadeIn\u00bb title=\u00bbIAA-CSIC\u00bb][\/vc_column][\/vc_row][vc_row][vc_column]<div class=\"cz_gap clr \" style=\"height: 100px\"><\/div>[\/vc_column][\/vc_row]<\/p>\n<\/div>","protected":false},"excerpt":{"rendered":"[vc_row][vc_column offset=\"vc_col-lg-4\"]eMail rgb [@] iaa.es [\/vc_column][vc_column offset=\"vc_col-lg-4\"]Tel\u00e9fono +34 958 121 311 \u2217 ext. 536 [\/vc_column][vc_column offset=\"vc_col-lg-4\"]Direcci\u00f3n Glorieta de la Astronom\u00eda","protected":false},"author":1,"featured_media":0,"parent":0,"menu_order":0,"comment_status":"closed","ping_status":"closed","template":"","meta":{"footnotes":""},"class_list":["post-18","page","type-page","status-publish","hentry"],"yoast_head":"<!-- This site is optimized with the Yoast SEO plugin v27.3 - https:\/\/yoast.com\/product\/yoast-seo-wordpress\/ -->\n<title>Contacto<\/title>\n<meta name=\"robots\" content=\"index, follow, max-snippet:-1, max-image-preview:large, max-video-preview:-1\" \/>\n<link rel=\"canonical\" href=\"https:\/\/rgb.iaa.es\/es\/contact\/\" \/>\n<meta property=\"og:locale\" content=\"es_ES\" \/>\n<meta property=\"og:locale:alternate\" content=\"en_US\" \/>\n<meta property=\"og:type\" content=\"article\" \/>\n<meta property=\"og:title\" content=\"Contacto\" \/>\n<meta property=\"og:url\" content=\"https:\/\/rgb.iaa.es\/es\/contact\/\" \/>\n<meta property=\"og:site_name\" content=\"Rub\u00e9n Garc\u00eda-Benito\" \/>\n<meta property=\"article:modified_time\" content=\"2021-09-21T07:39:55+00:00\" \/>\n<meta name=\"twitter:card\" content=\"summary_large_image\" \/>\n<meta name=\"twitter:label1\" content=\"Tiempo de lectura\" \/>\n\t<meta name=\"twitter:data1\" content=\"3 minutos\" \/>\n<script type=\"application\/ld+json\" class=\"yoast-schema-graph\">{\"@context\":\"https:\\\/\\\/schema.org\",\"@graph\":[{\"@type\":\"WebPage\",\"@id\":\"https:\\\/\\\/rgb.iaa.es\\\/contact\\\/\",\"url\":\"https:\\\/\\\/rgb.iaa.es\\\/contact\\\/\",\"name\":\"Contacto\",\"isPartOf\":{\"@id\":\"https:\\\/\\\/rgb.iaa.es\\\/#website\"},\"datePublished\":\"2017-06-10T08:25:52+00:00\",\"dateModified\":\"2021-09-21T07:39:55+00:00\",\"breadcrumb\":{\"@id\":\"https:\\\/\\\/rgb.iaa.es\\\/contact\\\/#breadcrumb\"},\"inLanguage\":\"es-ES\",\"potentialAction\":[{\"@type\":\"ReadAction\",\"target\":[\"https:\\\/\\\/rgb.iaa.es\\\/contact\\\/\"]}]},{\"@type\":\"BreadcrumbList\",\"@id\":\"https:\\\/\\\/rgb.iaa.es\\\/contact\\\/#breadcrumb\",\"itemListElement\":[{\"@type\":\"ListItem\",\"position\":1,\"name\":\"Home\",\"item\":\"https:\\\/\\\/rgb.iaa.es\\\/es\\\/\"},{\"@type\":\"ListItem\",\"position\":2,\"name\":\"Contact\"}]},{\"@type\":\"WebSite\",\"@id\":\"https:\\\/\\\/rgb.iaa.es\\\/#website\",\"url\":\"https:\\\/\\\/rgb.iaa.es\\\/\",\"name\":\"Rub\u00e9n Garc\u00eda-Benito\",\"description\":\"RGB&#039;s website\",\"publisher\":{\"@id\":\"https:\\\/\\\/rgb.iaa.es\\\/#\\\/schema\\\/person\\\/3a492c301bae2d5cb0309729fbe5331a\"},\"potentialAction\":[{\"@type\":\"SearchAction\",\"target\":{\"@type\":\"EntryPoint\",\"urlTemplate\":\"https:\\\/\\\/rgb.iaa.es\\\/?s={search_term_string}\"},\"query-input\":{\"@type\":\"PropertyValueSpecification\",\"valueRequired\":true,\"valueName\":\"search_term_string\"}}],\"inLanguage\":\"es-ES\"},{\"@type\":[\"Person\",\"Organization\"],\"@id\":\"https:\\\/\\\/rgb.iaa.es\\\/#\\\/schema\\\/person\\\/3a492c301bae2d5cb0309729fbe5331a\",\"name\":\"Rub\u00e9n Garc\u00eda-Benito\",\"image\":{\"@type\":\"ImageObject\",\"inLanguage\":\"es-ES\",\"@id\":\"https:\\\/\\\/secure.gravatar.com\\\/avatar\\\/b52d9d1e869c004e7f6593beb4013e01db7856ebee6d6a5817e5b6580948a53c?s=96&d=mm&r=g\",\"url\":\"https:\\\/\\\/secure.gravatar.com\\\/avatar\\\/b52d9d1e869c004e7f6593beb4013e01db7856ebee6d6a5817e5b6580948a53c?s=96&d=mm&r=g\",\"contentUrl\":\"https:\\\/\\\/secure.gravatar.com\\\/avatar\\\/b52d9d1e869c004e7f6593beb4013e01db7856ebee6d6a5817e5b6580948a53c?s=96&d=mm&r=g\",\"caption\":\"Rub\u00e9n Garc\u00eda-Benito\"},\"logo\":{\"@id\":\"https:\\\/\\\/secure.gravatar.com\\\/avatar\\\/b52d9d1e869c004e7f6593beb4013e01db7856ebee6d6a5817e5b6580948a53c?s=96&d=mm&r=g\"},\"sameAs\":[\"http:\\\/\\\/rgb.iaa.es\"]}]}<\/script>\n<!-- \/ Yoast SEO plugin. -->","yoast_head_json":{"title":"Contacto","robots":{"index":"index","follow":"follow","max-snippet":"max-snippet:-1","max-image-preview":"max-image-preview:large","max-video-preview":"max-video-preview:-1"},"canonical":"https:\/\/rgb.iaa.es\/es\/contact\/","og_locale":"es_ES","og_type":"article","og_title":"[:en]Contact[:es]Contacto[:] - Rub\u00e9n Garc\u00eda-Benito","og_url":"https:\/\/rgb.iaa.es\/es\/contact\/","og_site_name":"Rub\u00e9n Garc\u00eda-Benito","article_modified_time":"2021-09-21T07:39:55+00:00","twitter_card":"summary_large_image","twitter_misc":{"Tiempo de lectura":"3 minutos"},"schema":{"@context":"https:\/\/schema.org","@graph":[{"@type":"WebPage","@id":"https:\/\/rgb.iaa.es\/contact\/","url":"https:\/\/rgb.iaa.es\/contact\/","name":"Contacto","isPartOf":{"@id":"https:\/\/rgb.iaa.es\/#website"},"datePublished":"2017-06-10T08:25:52+00:00","dateModified":"2021-09-21T07:39:55+00:00","breadcrumb":{"@id":"https:\/\/rgb.iaa.es\/contact\/#breadcrumb"},"inLanguage":"es-ES","potentialAction":[{"@type":"ReadAction","target":["https:\/\/rgb.iaa.es\/contact\/"]}]},{"@type":"BreadcrumbList","@id":"https:\/\/rgb.iaa.es\/contact\/#breadcrumb","itemListElement":[{"@type":"ListItem","position":1,"name":"Home","item":"https:\/\/rgb.iaa.es\/es\/"},{"@type":"ListItem","position":2,"name":"Contact"}]},{"@type":"WebSite","@id":"https:\/\/rgb.iaa.es\/#website","url":"https:\/\/rgb.iaa.es\/","name":"Rub\u00e9n Garc\u00eda-Benito","description":"RGB&#039;s website","publisher":{"@id":"https:\/\/rgb.iaa.es\/#\/schema\/person\/3a492c301bae2d5cb0309729fbe5331a"},"potentialAction":[{"@type":"SearchAction","target":{"@type":"EntryPoint","urlTemplate":"https:\/\/rgb.iaa.es\/?s={search_term_string}"},"query-input":{"@type":"PropertyValueSpecification","valueRequired":true,"valueName":"search_term_string"}}],"inLanguage":"es-ES"},{"@type":["Person","Organization"],"@id":"https:\/\/rgb.iaa.es\/#\/schema\/person\/3a492c301bae2d5cb0309729fbe5331a","name":"Rub\u00e9n Garc\u00eda-Benito","image":{"@type":"ImageObject","inLanguage":"es-ES","@id":"https:\/\/secure.gravatar.com\/avatar\/b52d9d1e869c004e7f6593beb4013e01db7856ebee6d6a5817e5b6580948a53c?s=96&d=mm&r=g","url":"https:\/\/secure.gravatar.com\/avatar\/b52d9d1e869c004e7f6593beb4013e01db7856ebee6d6a5817e5b6580948a53c?s=96&d=mm&r=g","contentUrl":"https:\/\/secure.gravatar.com\/avatar\/b52d9d1e869c004e7f6593beb4013e01db7856ebee6d6a5817e5b6580948a53c?s=96&d=mm&r=g","caption":"Rub\u00e9n Garc\u00eda-Benito"},"logo":{"@id":"https:\/\/secure.gravatar.com\/avatar\/b52d9d1e869c004e7f6593beb4013e01db7856ebee6d6a5817e5b6580948a53c?s=96&d=mm&r=g"},"sameAs":["http:\/\/rgb.iaa.es"]}]}},"_links":{"self":[{"href":"https:\/\/rgb.iaa.es\/es\/wp-json\/wp\/v2\/pages\/18","targetHints":{"allow":["GET"]}}],"collection":[{"href":"https:\/\/rgb.iaa.es\/es\/wp-json\/wp\/v2\/pages"}],"about":[{"href":"https:\/\/rgb.iaa.es\/es\/wp-json\/wp\/v2\/types\/page"}],"author":[{"embeddable":true,"href":"https:\/\/rgb.iaa.es\/es\/wp-json\/wp\/v2\/users\/1"}],"replies":[{"embeddable":true,"href":"https:\/\/rgb.iaa.es\/es\/wp-json\/wp\/v2\/comments?post=18"}],"version-history":[{"count":24,"href":"https:\/\/rgb.iaa.es\/es\/wp-json\/wp\/v2\/pages\/18\/revisions"}],"predecessor-version":[{"id":2101,"href":"https:\/\/rgb.iaa.es\/es\/wp-json\/wp\/v2\/pages\/18\/revisions\/2101"}],"wp:attachment":[{"href":"https:\/\/rgb.iaa.es\/es\/wp-json\/wp\/v2\/media?parent=18"}],"curies":[{"name":"wp","href":"https:\/\/api.w.org\/{rel}","templated":true}]}}