{"id":967,"date":"2018-10-29T21:31:43","date_gmt":"2018-10-29T21:31:43","guid":{"rendered":"https:\/\/www.iaa.csic.es\/~rgb\/?page_id=967"},"modified":"2025-03-04T12:16:03","modified_gmt":"2025-03-04T12:16:03","slug":"visualizations","status":"publish","type":"page","link":"https:\/\/rgb.iaa.es\/es\/visualizations\/","title":{"rendered":"Visualizaciones"},"content":{"rendered":"<div class=\"wpb-content-wrapper\"><p>[vc_row][vc_column]<div class=\"cz_gap clr \" style=\"height: 5px\"><\/div><div class=\"cz_wrap clr\"><div id=\"cz_84822\" class=\"cz_84822 cz_title clr cz_title_ba_line cz_title_pos_inline wpb_animate_when_almost_visible fadeInLeft\"><div class=\"cz_title_content\"><div class=\"cz_wpe_content\"><h2><span style=\"font-size: 36px;\">Animaciones<\/span><\/h2>\n<\/div><div class=\"cz_title_line cz_line_after_title\"><span>_<\/span><\/div><\/div><\/div><script>if( typeof Codevz_Plus !== \"undefined\" ) {setTimeout( function() {if( typeof Codevz_Plus.title !== \"undefined\" ) {Codevz_Plus.title();}jQuery( window ).trigger( \"scroll.codevz\" );}, 10 );}<\/script><\/div><div class=\"cz_gap clr \" style=\"height: 70px\"><\/div>[\/vc_column][\/vc_row][vc_row][vc_column width=\u00bb1\/2&#8243;]<div class=\"cz_gap clr \" style=\"height: 50px\"><\/div><div class=\"clr cz_parallax_v_10\"><div id=\"cz_99559\" class=\"cz_99559 cz_video_popup clr cz_video_popup_bl\"><style class=\"cz_d_css\" data-noptimize>#cz_99559 span{color:#0a0505;background-color:#d8ae76;padding:18px;border-radius:4px}#cz_99559 .cz_vp_inner{color:#d8ae76;border-radius:4px}<\/style><div><div class=\"cz_vp_c\"><a href=\"https:\/\/www.youtube.com\/watch?v=oyE9VZBXfqA\"><img decoding=\"async\" width=\"1500\" height=\"1000\" src=\"https:\/\/rgb.iaa.es\/wp-content\/uploads\/Imagenes\/gian-d-359346-unsplash-small.jpg\" class=\"attachment-full\" alt=\"Gian d 359346 unsplash small\" title=\"gian-d-359346-unsplash-small\" srcset=\"https:\/\/rgb.iaa.es\/wp-content\/uploads\/Imagenes\/gian-d-359346-unsplash-small.jpg 1500w, https:\/\/rgb.iaa.es\/wp-content\/uploads\/Imagenes\/gian-d-359346-unsplash-small-300x200.jpg 300w, https:\/\/rgb.iaa.es\/wp-content\/uploads\/Imagenes\/gian-d-359346-unsplash-small-1024x683.jpg 1024w, https:\/\/rgb.iaa.es\/wp-content\/uploads\/Imagenes\/gian-d-359346-unsplash-small-768x512.jpg 768w, https:\/\/rgb.iaa.es\/wp-content\/uploads\/Imagenes\/gian-d-359346-unsplash-small-600x400.jpg 600w\" sizes=\"auto, (max-width: 1500px) 100vw, 1500px\" loading=\"lazy\" \/><div class=\"cz_vp_inner\"><span><i class=\"fa fa-play\"><\/i><\/span><h4>Califa<small>City of Light<\/small><\/h4><\/div><\/a><\/div><\/div><\/div><script>if( typeof Codevz_Plus !== \"undefined\" ) {setTimeout( function() {if( typeof Codevz_Plus.tilt !== \"undefined\" ) {Codevz_Plus.tilt();}Codevz_Plus.inline_video( true );Codevz_Plus.parallax();jQuery( window ).trigger( \"scroll.codevz\" );}, 10 );}<\/script><\/div>[\/vc_column][vc_column width=\u00bb1\/2&#8243;]<div class=\"cz_wrap clr\"><div id=\"cz_68653\" class=\"cz_68653 cz_title clr cz_title_pos_inline\"><div class=\"cz_title_content\"><div class=\"cz_wpe_content\"><h3><span style=\"font-size: 38px;\"><span style=\"color: #d8ae76;\">Califa:<\/span> City of Light<\/span><\/h3>\n<\/div><\/div><\/div><script>if( typeof Codevz_Plus !== \"undefined\" ) {setTimeout( function() {if( typeof Codevz_Plus.title !== \"undefined\" ) {Codevz_Plus.title();}jQuery( window ).trigger( \"scroll.codevz\" );}, 10 );}<\/script><\/div><div class=\"cz_gap clr \" style=\"height: 30px\"><\/div>[vc_column_text]Animaci\u00f3n 3D que realic\u00e9 para la colaboraci\u00f3n del proyecto <a href=\"http:\/\/califa.caha.es\/\" target=\"_blank\" rel=\"noopener noreferrer\">CALIFA<\/a> como tr\u00e1iler del Data Release (DR3) final en Abril de 2016, bajo el paraguas del A\u00f1o Internacional de la Luz y el A\u00f1o Vincent van Gogh.<\/p>\n<p>El cartografiado <em>Calar Alto Legacy Integral Field spectroscopy Area<\/em> (CALIFA) es un proyecto internacional que recogi\u00f3 datos de espectroscop\u00eda 3D de unas 600 galaxias cercanas usando el instrumento PMAS\/PPAK instalado en el telescopio de 3.5m del observatorio de Calar Alto (Almer\u00eda).<\/p>\n<p>Animaci\u00f3n realizada con Blender y m\u00fasica con Logic Pro X.[\/vc_column_text][\/vc_column][\/vc_row][vc_row][vc_column]<div class=\"cz_gap clr \" style=\"height: 15px\"><\/div>[\/vc_column][\/vc_row][vc_row][vc_column width=\u00bb1\/2&#8243;]<div class=\"cz_gap clr \" style=\"height: 50px\"><\/div><div class=\"clr cz_parallax_v_10\"><div id=\"cz_61110\" class=\"cz_61110 cz_video_popup clr cz_video_popup_bl\"><style class=\"cz_d_css\" data-noptimize>#cz_61110 span{color:#0a0505;background-color:#d8ae76;padding:18px;border-radius:4px}#cz_61110 .cz_vp_inner{color:#d8ae76;border-radius:4px}<\/style><div><div class=\"cz_vp_c\"><a href=\"https:\/\/www.youtube.com\/watch?v=3gErcS6NUns\"><img decoding=\"async\" width=\"2143\" height=\"1680\" src=\"https:\/\/rgb.iaa.es\/wp-content\/uploads\/Imagenes\/rgb\/ngc2916-datacube-stamp.jpg\" class=\"attachment-full\" alt=\"ngc2916 datacube stamp\" title=\"ngc2916-datacube-stamp\" srcset=\"https:\/\/rgb.iaa.es\/wp-content\/uploads\/Imagenes\/rgb\/ngc2916-datacube-stamp.jpg 2143w, https:\/\/rgb.iaa.es\/wp-content\/uploads\/Imagenes\/rgb\/ngc2916-datacube-stamp-300x235.jpg 300w, https:\/\/rgb.iaa.es\/wp-content\/uploads\/Imagenes\/rgb\/ngc2916-datacube-stamp-1024x803.jpg 1024w, https:\/\/rgb.iaa.es\/wp-content\/uploads\/Imagenes\/rgb\/ngc2916-datacube-stamp-768x602.jpg 768w, https:\/\/rgb.iaa.es\/wp-content\/uploads\/Imagenes\/rgb\/ngc2916-datacube-stamp-1536x1204.jpg 1536w, https:\/\/rgb.iaa.es\/wp-content\/uploads\/Imagenes\/rgb\/ngc2916-datacube-stamp-2048x1606.jpg 2048w, https:\/\/rgb.iaa.es\/wp-content\/uploads\/Imagenes\/rgb\/ngc2916-datacube-stamp-600x470.jpg 600w\" sizes=\"auto, (max-width: 2143px) 100vw, 2143px\" loading=\"lazy\" \/><div class=\"cz_vp_inner\"><span><i class=\"fa fa-play\"><\/i><\/span><h4>Visualizaci\u00f3n 3D de un cubo de datos<small>Galaxia espiral NGC 2916<\/small><\/h4><\/div><\/a><\/div><\/div><\/div><script>if( typeof Codevz_Plus !== \"undefined\" ) {setTimeout( function() {if( typeof Codevz_Plus.tilt !== \"undefined\" ) {Codevz_Plus.tilt();}Codevz_Plus.inline_video( true );Codevz_Plus.parallax();jQuery( window ).trigger( \"scroll.codevz\" );}, 10 );}<\/script><\/div>[\/vc_column][vc_column width=\u00bb1\/2&#8243;]<div class=\"cz_wrap clr\"><div id=\"cz_91735\" class=\"cz_91735 cz_title clr cz_title_pos_inline\"><div class=\"cz_title_content\"><div class=\"cz_wpe_content\"><h3><span style=\"font-size: 38px;\"><span style=\"color: #d8ae76;\"> Visualizaci\u00f3n 3D<\/span> de un cubo de datos<\/span><\/h3>\n<\/div><\/div><\/div><script>if( typeof Codevz_Plus !== \"undefined\" ) {setTimeout( function() {if( typeof Codevz_Plus.title !== \"undefined\" ) {Codevz_Plus.title();}jQuery( window ).trigger( \"scroll.codevz\" );}, 10 );}<\/script><\/div><div class=\"cz_gap clr \" style=\"height: 30px\"><\/div>[vc_column_text css=\u00bb\u00bb]<span class=\"yt-core-attributed-string yt-core-attributed-string--white-space-pre-wrap\" dir=\"auto\"><span class=\"yt-core-attributed-string--link-inherit-color\" dir=\"auto\">Visualizaci\u00f3n 3D de un cubo de datos en el \u00f3ptico de la galaxia espiral NGC 2916, obtenido del sondeo <a href=\"https:\/\/califa.caha.es\" target=\"_blank\" rel=\"noopener\">CALIFA<\/a>.<\/span><\/span><\/p>\n<p><span class=\"yt-core-attributed-string yt-core-attributed-string--white-space-pre-wrap\" dir=\"auto\"><span class=\"yt-core-attributed-string--link-inherit-color\" dir=\"auto\">Un cubo de datos es un conjunto de datos tridimensional utilizado en astronom\u00eda, donde dos dimensiones corresponden a la posici\u00f3n espacial en el cielo y la tercera representa la longitud de onda (o la velocidad). A diferencia de las im\u00e1genes tradicionales, que capturan un rango de longitudes de onda espec\u00edfico, un cubo de datos proporciona un espectro completo para cada p\u00edxel, lo que permite a los astr\u00f3nomos analizar c\u00f3mo var\u00eda la luz en diferentes regiones de un objeto.\u00a0<\/span><\/span>[\/vc_column_text][\/vc_column][\/vc_row][vc_row][vc_column]<div class=\"cz_gap clr \" style=\"height: 40px\"><\/div>[\/vc_column][\/vc_row][vc_row][vc_column]<div class=\"cz_wrap clr\"><div id=\"cz_71081\" class=\"cz_71081 cz_title clr cz_title_ba_line cz_title_pos_inline wpb_animate_when_almost_visible fadeInLeft\"><div class=\"cz_title_content\"><div class=\"cz_wpe_content\"><h2><span style=\"font-size: 36px;\">Visualizaciones<\/span><\/h2>\n<\/div><div class=\"cz_title_line cz_line_after_title\"><span>_<\/span><\/div><\/div><\/div><script>if( typeof Codevz_Plus !== \"undefined\" ) {setTimeout( function() {if( typeof Codevz_Plus.title !== \"undefined\" ) {Codevz_Plus.title();}jQuery( window ).trigger( \"scroll.codevz\" );}, 10 );}<\/script><\/div><div class=\"cz_gap clr \" style=\"height: 20px\"><\/div>[\/vc_column][\/vc_row][vc_row][vc_column width=\u00bb1\/2&#8243;][vc_single_image image=\u00bb1705&#8243; img_size=\u00bblarge\u00bb style=\u00bbvc_box_shadow_3d\u00bb onclick=\u00bbcustom_link\u00bb css_animation=\u00bbfadeInLeft\u00bb link=\u00bbhttps:\/\/upload.wikimedia.org\/wikipedia\/commons\/6\/6e\/CALIFA_HexDR2_mandala.png\u00bb][\/vc_column][vc_column width=\u00bb1\/2&#8243;]<div class=\"cz_wrap clr\"><div id=\"cz_49915\" class=\"cz_49915 cz_title clr cz_title_pos_inline\"><div class=\"cz_title_content\"><div class=\"cz_wpe_content\"><h3><a href=\"https:\/\/www.aanda.org\/articles\/aa\/abs\/2015\/04\/contents\/big_photocouv576_4.jpg\" target=\"_blank\" rel=\"noopener noreferrer\">El Mandala de CALIFA<\/a><\/h3>\n<p>&nbsp;<\/p>\n<p>Soy el creador del <a href=\"https:\/\/upload.wikimedia.org\/wikipedia\/commons\/6\/6e\/CALIFA_HexDR2_mandala.png\" target=\"_blank\" rel=\"noopener noreferrer\">Mandala de CALIFA<\/a>, una representaci\u00f3n visual de datos que muestra las propiedades f\u00edsicas b\u00e1sicas de una submuestra de galaxias usando cubos de datos de CALIFA: 1) im\u00e1genes de banda ancha de 3 colores (centro superior); 2) densidades de superficial de la masa estelar (derecha superior); 3) edad (derecha inferior); 4) l\u00edneas de emisi\u00f3n H\u03b1, [N II] 6584 \u00c5, y [O III] 5007 \u00c5 (centro inferior); 5) emisi\u00f3n H\u03b1 (izquierda inferior); 6) cinem\u00e1tica H\u03b1 (izquierda superior); 7) logotipo CALIFA (hex\u00e1gono central). Fue portada del <a href=\"https:\/\/www.aanda.org\/articles\/aa\/abs\/2015\/04\/aa25080-14\/aa25080-14.html\" target=\"_blank\" rel=\"noopener noreferrer\">Astronomy &#038; Astrophysics Journal<\/a> (Volumen 582, octubre de 2015) y apareci\u00f3 en muchos <a href=\"http:\/\/revista.iaa.es\/content\/el-proyecto-califa\" target=\"_blank\" rel=\"noopener noreferrer\">art\u00edculos<\/a> y <a href=\"https:\/\/www.youtube.com\/watch?v=H9SLRnUxkOA&#038;list=PLDOpkwOM33-YztelcEA_KzRNVoprch2PK&#038;index=3&#038;t=0s\" target=\"_blank\" rel=\"noopener noreferrer\">documentales<\/a> de divulgaci\u00f3n.<\/p>\n<\/div><\/div><\/div><script>if( typeof Codevz_Plus !== \"undefined\" ) {setTimeout( function() {if( typeof Codevz_Plus.title !== \"undefined\" ) {Codevz_Plus.title();}jQuery( window ).trigger( \"scroll.codevz\" );}, 10 );}<\/script><\/div>[\/vc_column][\/vc_row][vc_row][vc_column]<div class=\"cz_gap clr \" style=\"height: 15px\"><\/div>[\/vc_column][\/vc_row][vc_row][vc_column width=\u00bb1\/2&#8243;][vc_single_image image=\u00bb2664&#8243; img_size=\u00bblarge\u00bb style=\u00bbvc_box_shadow_3d\u00bb css_animation=\u00bbfadeInLeft\u00bb css=\u00bb\u00bb][\/vc_column][vc_column width=\u00bb1\/2&#8243;]<div class=\"cz_wrap clr\"><div id=\"cz_61753\" class=\"cz_61753 cz_title clr cz_title_pos_inline\"><div class=\"cz_title_content\"><div class=\"cz_wpe_content\"><h3>Cubo de datos en el rango \u00f3ptico<\/h3>\n<p>&nbsp;<\/p>\n<p>Espectro de la regi\u00f3n m\u00e1s brillante de la galaxia irregular de formaci\u00f3n estelar NGC 3991, extra\u00eddo del cubo de datos en el rango \u00f3ptico obtenido con el espectr\u00f3grafo de campo integral del telescopio de 3.5 m de Calar Alto, resaltando las l\u00edneas de emisi\u00f3n m\u00e1s relevantes de diferentes elementos.<\/p>\n<\/div><\/div><\/div><script>if( typeof Codevz_Plus !== \"undefined\" ) {setTimeout( function() {if( typeof Codevz_Plus.title !== \"undefined\" ) {Codevz_Plus.title();}jQuery( window ).trigger( \"scroll.codevz\" );}, 10 );}<\/script><\/div>[\/vc_column][\/vc_row][vc_row][vc_column]<div class=\"cz_wrap clr\"><div id=\"cz_12536\" class=\"cz-particles\"><\/div>\n<script>\n\n\tjQuery( function( $ ) {\n\n\t\tvar timeout;\n\t\t$( window ).on( \"scroll.codevz_stretch_fix\", function() {\n\t\t\tclearTimeout( timeout );\n\t\t\ttimeout = setTimeout( function() {\n\t\t\t\tif ( Codevz_Plus.inview( $( \"#cz_12536\" ), 250 ) ) {\n\n\t\t\t\t\tif ( typeof particlesJS != \"undefined\" ) {\n\n\t\t\t\t\t\tparticlesJS(\"cz_12536\", {\n\t\t\t\t\t\t  \"particles\": {\n\t\t\t\t\t\t    \"number\": {\n\t\t\t\t\t\t      \"value\": 100\n\t\t\t\t\t\t    },\n\t\t\t\t\t\t    \"color\": {\n\t\t\t\t\t\t      \"value\": \"#a7a7a7\"\n\t\t\t\t\t\t    },\n\t\t\t\t\t\t    \"shape\": {\n\t\t\t\t\t\t      \"type\": \"circle\",\n\t\t\t\t\t\t    },\n\t\t\t\t\t\t    \"line_linked\": {\n\t\t\t\t\t\t      \"enable\": true,\n\t\t\t\t\t\t      \"distance\": 150,\n\t\t\t\t\t\t      \"color\": \"#a7a7a7\",\n\t\t\t\t\t\t      \"opacity\": 0.4,\n\t\t\t\t\t\t      \"width\": 1\n\t\t\t\t\t\t    },\n\t\t\t\t\t\t    \"opacity\": {\n\t\t\t\t\t\t      \"value\": 0.5,\n\t\t\t\t\t\t      \"random\": true,\n\t\t\t\t\t\t      \"anim\": {\n\t\t\t\t\t\t        \"enable\": false,\n\t\t\t\t\t\t        \"speed\": 1,\n\t\t\t\t\t\t        \"opacity_min\": 0.1,\n\t\t\t\t\t\t        \"sync\": false\n\t\t\t\t\t\t      }\n\t\t\t\t\t\t    },\n\t\t\t\t\t\t    \"size\": {\n\t\t\t\t\t\t      \"value\": 5,\n\t\t\t\t\t\t      \"random\": true,\n\t\t\t\t\t\t      \"anim\": {\n\t\t\t\t\t\t        \"enable\": false,\n\t\t\t\t\t\t        \"speed\": 40,\n\t\t\t\t\t\t        \"size_min\": 0.1,\n\t\t\t\t\t\t        \"sync\": false\n\t\t\t\t\t\t      }\n\t\t\t\t\t\t    },\n\t\t\t\t\t\t    \"move\": {\n\t\t\t\t\t\t      \"enable\": true,\n\t\t\t\t\t\t      \"speed\": 6,\n\t\t\t\t\t\t      \"direction\": \"none\",\n\t\t\t\t\t\t      \"random\": false,\n\t\t\t\t\t\t      \"straight\": false,\n\t\t\t\t\t\t      \"out_mode\": \"out\",\n\t\t\t\t\t\t      \"bounce\": false,\n\t\t\t\t\t\t      \"attract\": {\n\t\t\t\t\t\t        \"enable\": false,\n\t\t\t\t\t\t        \"rotateX\": 600,\n\t\t\t\t\t\t        \"rotateY\": 1200\n\t\t\t\t\t\t      }\n\t\t\t\t\t\t    }\n\t\t\t\t\t\t  },\n\t\t\t\t\t\t  \"interactivity\": {\n\t\t\t\t\t\t    \"detect_on\": \"canvas\",\n\t\t\t\t\t\t    \"events\": {\n\t\t\t\t\t\t      \"onhover\": {\n\t\t\t\t\t\t        \"enable\": true,\n\t\t\t\t\t\t        \"mode\": \"grab\"\n\t\t\t\t\t\t      },\n\t\t\t\t\t\t      \"onclick\": {\n\t\t\t\t\t\t        \"enable\": true,\n\t\t\t\t\t\t        \"mode\": \"push\"\n\t\t\t\t\t\t      },\n\t\t\t\t\t\t      \"resize\": true\n\t\t\t\t\t\t    },\n\t\t\t\t\t\t    \"modes\": {\n\t\t\t\t\t\t      \"grab\": {\n\t\t\t\t\t\t        \"distance\": 100,\n\t\t\t\t\t\t        \"line_linked\": {\n\t\t\t\t\t\t          \"opacity\": 1\n\t\t\t\t\t\t        }\n\t\t\t\t\t\t      },\n\t\t\t\t\t\t      \"bubble\": {\n\t\t\t\t\t\t        \"distance\": 400,\n\t\t\t\t\t\t        \"size\": 40,\n\t\t\t\t\t\t        \"duration\": 2,\n\t\t\t\t\t\t        \"opacity\": 8,\n\t\t\t\t\t\t        \"speed\": 3\n\t\t\t\t\t\t      },\n\t\t\t\t\t\t      \"repulse\": {\n\t\t\t\t\t\t        \"distance\": 200,\n\t\t\t\t\t\t        \"duration\": 0.4\n\t\t\t\t\t\t      },\n\t\t\t\t\t\t      \"push\": {\n\t\t\t\t\t\t        \"particles_nb\": 4\n\t\t\t\t\t\t      },\n\t\t\t\t\t\t      \"remove\": {\n\t\t\t\t\t\t        \"particles_nb\": 2\n\t\t\t\t\t\t      }\n\t\t\t\t\t\t    }\n\t\t\t\t\t\t  },\n\t\t\t\t\t\t  \"retina_detect\": true\n\t\t\t\t\t\t});\n\t\t\t\t\t}\n\n\t\t\t\t}\n\t\t\t}, 1000 );\n\t\t}).trigger( \"scroll.codevz_stretch_fix\" );\n\n\t});\n\n<\/script><script>if( typeof Codevz_Plus !== \"undefined\" ) {setTimeout( function() {jQuery( window ).trigger( \"scroll.codevz\" );}, 10 );}<\/script><\/div>[\/vc_column][\/vc_row]<\/p>\n<\/div>","protected":false},"excerpt":{"rendered":"<p>Animaci\u00f3n 3D que realic\u00e9 para la colaboraci\u00f3n del proyecto CALIFA como &#8230; <\/p>\n","protected":false},"author":1,"featured_media":0,"parent":0,"menu_order":0,"comment_status":"closed","ping_status":"closed","template":"","meta":{"footnotes":""},"class_list":["post-967","page","type-page","status-publish","hentry"],"yoast_head":"<!-- This site is optimized with the Yoast SEO plugin v27.3 - https:\/\/yoast.com\/product\/yoast-seo-wordpress\/ -->\n<title>Visualizaciones<\/title>\n<meta name=\"robots\" content=\"index, follow, max-snippet:-1, max-image-preview:large, max-video-preview:-1\" \/>\n<link rel=\"canonical\" href=\"https:\/\/rgb.iaa.es\/es\/visualizations\/\" \/>\n<meta property=\"og:locale\" content=\"es_ES\" \/>\n<meta property=\"og:locale:alternate\" content=\"en_US\" \/>\n<meta property=\"og:type\" content=\"article\" \/>\n<meta property=\"og:title\" content=\"Visualizaciones\" \/>\n<meta property=\"og:description\" content=\"Animaci\u00f3n 3D que realic\u00e9 para la colaboraci\u00f3n del proyecto CALIFA como ...\" \/>\n<meta property=\"og:url\" content=\"https:\/\/rgb.iaa.es\/es\/visualizations\/\" \/>\n<meta property=\"og:site_name\" content=\"Rub\u00e9n Garc\u00eda-Benito\" \/>\n<meta property=\"article:modified_time\" content=\"2025-03-04T12:16:03+00:00\" \/>\n<meta name=\"twitter:card\" content=\"summary_large_image\" \/>\n<meta name=\"twitter:label1\" content=\"Tiempo de lectura\" \/>\n\t<meta name=\"twitter:data1\" content=\"3 minutos\" \/>\n<script type=\"application\/ld+json\" class=\"yoast-schema-graph\">{\"@context\":\"https:\\\/\\\/schema.org\",\"@graph\":[{\"@type\":\"WebPage\",\"@id\":\"https:\\\/\\\/rgb.iaa.es\\\/es\\\/visualizations\\\/\",\"url\":\"https:\\\/\\\/rgb.iaa.es\\\/es\\\/visualizations\\\/\",\"name\":\"Visualizaciones\",\"isPartOf\":{\"@id\":\"https:\\\/\\\/rgb.iaa.es\\\/#website\"},\"datePublished\":\"2018-10-29T21:31:43+00:00\",\"dateModified\":\"2025-03-04T12:16:03+00:00\",\"breadcrumb\":{\"@id\":\"https:\\\/\\\/rgb.iaa.es\\\/es\\\/visualizations\\\/#breadcrumb\"},\"inLanguage\":\"es-ES\",\"potentialAction\":[{\"@type\":\"ReadAction\",\"target\":[\"https:\\\/\\\/rgb.iaa.es\\\/es\\\/visualizations\\\/\"]}]},{\"@type\":\"BreadcrumbList\",\"@id\":\"https:\\\/\\\/rgb.iaa.es\\\/es\\\/visualizations\\\/#breadcrumb\",\"itemListElement\":[{\"@type\":\"ListItem\",\"position\":1,\"name\":\"Home\",\"item\":\"https:\\\/\\\/rgb.iaa.es\\\/es\\\/\"},{\"@type\":\"ListItem\",\"position\":2,\"name\":\"Visualizaciones\"}]},{\"@type\":\"WebSite\",\"@id\":\"https:\\\/\\\/rgb.iaa.es\\\/#website\",\"url\":\"https:\\\/\\\/rgb.iaa.es\\\/\",\"name\":\"Rub\u00e9n Garc\u00eda-Benito\",\"description\":\"RGB&#039;s website\",\"publisher\":{\"@id\":\"https:\\\/\\\/rgb.iaa.es\\\/#\\\/schema\\\/person\\\/3a492c301bae2d5cb0309729fbe5331a\"},\"potentialAction\":[{\"@type\":\"SearchAction\",\"target\":{\"@type\":\"EntryPoint\",\"urlTemplate\":\"https:\\\/\\\/rgb.iaa.es\\\/?s={search_term_string}\"},\"query-input\":{\"@type\":\"PropertyValueSpecification\",\"valueRequired\":true,\"valueName\":\"search_term_string\"}}],\"inLanguage\":\"es-ES\"},{\"@type\":[\"Person\",\"Organization\"],\"@id\":\"https:\\\/\\\/rgb.iaa.es\\\/#\\\/schema\\\/person\\\/3a492c301bae2d5cb0309729fbe5331a\",\"name\":\"Rub\u00e9n Garc\u00eda-Benito\",\"image\":{\"@type\":\"ImageObject\",\"inLanguage\":\"es-ES\",\"@id\":\"https:\\\/\\\/secure.gravatar.com\\\/avatar\\\/b52d9d1e869c004e7f6593beb4013e01db7856ebee6d6a5817e5b6580948a53c?s=96&d=mm&r=g\",\"url\":\"https:\\\/\\\/secure.gravatar.com\\\/avatar\\\/b52d9d1e869c004e7f6593beb4013e01db7856ebee6d6a5817e5b6580948a53c?s=96&d=mm&r=g\",\"contentUrl\":\"https:\\\/\\\/secure.gravatar.com\\\/avatar\\\/b52d9d1e869c004e7f6593beb4013e01db7856ebee6d6a5817e5b6580948a53c?s=96&d=mm&r=g\",\"caption\":\"Rub\u00e9n Garc\u00eda-Benito\"},\"logo\":{\"@id\":\"https:\\\/\\\/secure.gravatar.com\\\/avatar\\\/b52d9d1e869c004e7f6593beb4013e01db7856ebee6d6a5817e5b6580948a53c?s=96&d=mm&r=g\"},\"sameAs\":[\"http:\\\/\\\/rgb.iaa.es\"]}]}<\/script>\n<!-- \/ Yoast SEO plugin. -->","yoast_head_json":{"title":"Visualizaciones","robots":{"index":"index","follow":"follow","max-snippet":"max-snippet:-1","max-image-preview":"max-image-preview:large","max-video-preview":"max-video-preview:-1"},"canonical":"https:\/\/rgb.iaa.es\/es\/visualizations\/","og_locale":"es_ES","og_type":"article","og_title":"[:en]Visualizations[:es]Visualizaciones[:] - Rub\u00e9n Garc\u00eda-Benito","og_description":"Animaci\u00f3n 3D que realic\u00e9 para la colaboraci\u00f3n del proyecto CALIFA como ...","og_url":"https:\/\/rgb.iaa.es\/es\/visualizations\/","og_site_name":"Rub\u00e9n Garc\u00eda-Benito","article_modified_time":"2025-03-04T12:16:03+00:00","twitter_card":"summary_large_image","twitter_misc":{"Tiempo de lectura":"3 minutos"},"schema":{"@context":"https:\/\/schema.org","@graph":[{"@type":"WebPage","@id":"https:\/\/rgb.iaa.es\/es\/visualizations\/","url":"https:\/\/rgb.iaa.es\/es\/visualizations\/","name":"Visualizaciones","isPartOf":{"@id":"https:\/\/rgb.iaa.es\/#website"},"datePublished":"2018-10-29T21:31:43+00:00","dateModified":"2025-03-04T12:16:03+00:00","breadcrumb":{"@id":"https:\/\/rgb.iaa.es\/es\/visualizations\/#breadcrumb"},"inLanguage":"es-ES","potentialAction":[{"@type":"ReadAction","target":["https:\/\/rgb.iaa.es\/es\/visualizations\/"]}]},{"@type":"BreadcrumbList","@id":"https:\/\/rgb.iaa.es\/es\/visualizations\/#breadcrumb","itemListElement":[{"@type":"ListItem","position":1,"name":"Home","item":"https:\/\/rgb.iaa.es\/es\/"},{"@type":"ListItem","position":2,"name":"Visualizaciones"}]},{"@type":"WebSite","@id":"https:\/\/rgb.iaa.es\/#website","url":"https:\/\/rgb.iaa.es\/","name":"Rub\u00e9n Garc\u00eda-Benito","description":"RGB&#039;s website","publisher":{"@id":"https:\/\/rgb.iaa.es\/#\/schema\/person\/3a492c301bae2d5cb0309729fbe5331a"},"potentialAction":[{"@type":"SearchAction","target":{"@type":"EntryPoint","urlTemplate":"https:\/\/rgb.iaa.es\/?s={search_term_string}"},"query-input":{"@type":"PropertyValueSpecification","valueRequired":true,"valueName":"search_term_string"}}],"inLanguage":"es-ES"},{"@type":["Person","Organization"],"@id":"https:\/\/rgb.iaa.es\/#\/schema\/person\/3a492c301bae2d5cb0309729fbe5331a","name":"Rub\u00e9n Garc\u00eda-Benito","image":{"@type":"ImageObject","inLanguage":"es-ES","@id":"https:\/\/secure.gravatar.com\/avatar\/b52d9d1e869c004e7f6593beb4013e01db7856ebee6d6a5817e5b6580948a53c?s=96&d=mm&r=g","url":"https:\/\/secure.gravatar.com\/avatar\/b52d9d1e869c004e7f6593beb4013e01db7856ebee6d6a5817e5b6580948a53c?s=96&d=mm&r=g","contentUrl":"https:\/\/secure.gravatar.com\/avatar\/b52d9d1e869c004e7f6593beb4013e01db7856ebee6d6a5817e5b6580948a53c?s=96&d=mm&r=g","caption":"Rub\u00e9n Garc\u00eda-Benito"},"logo":{"@id":"https:\/\/secure.gravatar.com\/avatar\/b52d9d1e869c004e7f6593beb4013e01db7856ebee6d6a5817e5b6580948a53c?s=96&d=mm&r=g"},"sameAs":["http:\/\/rgb.iaa.es"]}]}},"_links":{"self":[{"href":"https:\/\/rgb.iaa.es\/es\/wp-json\/wp\/v2\/pages\/967","targetHints":{"allow":["GET"]}}],"collection":[{"href":"https:\/\/rgb.iaa.es\/es\/wp-json\/wp\/v2\/pages"}],"about":[{"href":"https:\/\/rgb.iaa.es\/es\/wp-json\/wp\/v2\/types\/page"}],"author":[{"embeddable":true,"href":"https:\/\/rgb.iaa.es\/es\/wp-json\/wp\/v2\/users\/1"}],"replies":[{"embeddable":true,"href":"https:\/\/rgb.iaa.es\/es\/wp-json\/wp\/v2\/comments?post=967"}],"version-history":[{"count":57,"href":"https:\/\/rgb.iaa.es\/es\/wp-json\/wp\/v2\/pages\/967\/revisions"}],"predecessor-version":[{"id":2668,"href":"https:\/\/rgb.iaa.es\/es\/wp-json\/wp\/v2\/pages\/967\/revisions\/2668"}],"wp:attachment":[{"href":"https:\/\/rgb.iaa.es\/es\/wp-json\/wp\/v2\/media?parent=967"}],"curies":[{"name":"wp","href":"https:\/\/api.w.org\/{rel}","templated":true}]}}